{"id":12,"date":"2024-06-02T15:01:08","date_gmt":"2024-06-02T15:01:08","guid":{"rendered":"https:\/\/nhatvukt.myds.me?page_id=12"},"modified":"2024-06-03T00:25:29","modified_gmt":"2024-06-02T17:25:29","slug":"tai-khoan","status":"publish","type":"page","link":"https:\/\/nhatvukt.myds.me\/?page_id=12","title":{"rendered":"T\u00e0i kho\u1ea3n"},"content":{"rendered":"<div class=\"woocommerce\"><div class=\"woocommerce-notices-wrapper\"><\/div>\n<div class=\"account-container lightbox-inner\">\n\n\t\n\t<div class=\"col2-set row row-divided row-large\" id=\"customer_login\">\n\n\t\t<div class=\"col-1 large-6 col pb-0\">\n\n\t\t\t\n\t\t\t<div class=\"account-login-inner\">\n\n\t\t\t\t<h3 class=\"uppercase\">\u0110\u0103ng nh\u1eadp<\/h3>\n\n\t\t\t\t<form class=\"woocommerce-form woocommerce-form-login login\" method=\"post\">\n\n\t\t\t\t\t\n\t\t\t\t\t<p class=\"woocommerce-form-row woocommerce-form-row--wide form-row form-row-wide\">\n\t\t\t\t\t\t<label for=\"username\">T\u00ean t\u00e0i kho\u1ea3n ho\u1eb7c \u0111\u1ecba ch\u1ec9 email&nbsp;<span class=\"required\">*<\/span><\/label>\n\t\t\t\t\t\t<input type=\"text\" class=\"woocommerce-Input woocommerce-Input--text input-text\" name=\"username\" id=\"username\" autocomplete=\"username\" value=\"\" \/>\t\t\t\t\t<\/p>\n\t\t\t\t\t<p class=\"woocommerce-form-row woocommerce-form-row--wide form-row form-row-wide\">\n\t\t\t\t\t\t<label for=\"password\">M\u1eadt kh\u1ea9u&nbsp;<span class=\"required\">*<\/span><\/label>\n\t\t\t\t\t\t<input class=\"woocommerce-Input woocommerce-Input--text input-text\" type=\"password\" name=\"password\" id=\"password\" autocomplete=\"current-password\" \/>\n\t\t\t\t\t<\/p>\n\n\t\t\t\t\t\n\t\t\t\t\t<p class=\"form-row\">\n\t\t\t\t\t\t<label class=\"woocommerce-form__label woocommerce-form__label-for-checkbox woocommerce-form-login__rememberme\">\n\t\t\t\t\t\t\t<input class=\"woocommerce-form__input woocommerce-form__input-checkbox\" name=\"rememberme\" type=\"checkbox\" id=\"rememberme\" value=\"forever\" \/> <span>Ghi nh\u1edb m\u1eadt kh\u1ea9u<\/span>\n\t\t\t\t\t\t<\/label>\n\t\t\t\t\t\t<input type=\"hidden\" id=\"woocommerce-login-nonce\" name=\"woocommerce-login-nonce\" value=\"e130f4651f\" \/><input type=\"hidden\" name=\"_wp_http_referer\" value=\"\/index.php?rest_route=%2Fwp%2Fv2%2Fpages%2F12\" \/>\t\t\t\t\t\t<button type=\"submit\" class=\"woocommerce-button button woocommerce-form-login__submit\" name=\"login\" value=\"\u0110\u0103ng nh\u1eadp\">\u0110\u0103ng nh\u1eadp<\/button>\n\t\t\t\t\t<\/p>\n\t\t\t\t\t<p class=\"woocommerce-LostPassword lost_password\">\n\t\t\t\t\t\t<a href=\"https:\/\/nhatvukt.myds.me\/?page_id=12&#038;lost-password\">Qu\u00ean m\u1eadt kh\u1ea9u?<\/a>\n\t\t\t\t\t<\/p>\n\n\t\t\t\t\t<div style=\"padding:20px 0;\">\n    <div class=\"nsl-container nsl-container-block\" data-align=\"left\"><div class=\"nsl-container-buttons\"><a href=\"https:\/\/nhatvukt.myds.me\/wp-login.php?loginSocial=google&#038;redirect=https%3A%2F%2Fnhatvukt.myds.me%2Findex.php%3Frest_route%3D%252Fwp%252Fv2%252Fpages%252F12\" rel=\"nofollow\" aria-label=\"Continue with &lt;b&gt;Google&lt;\/b&gt;\" data-plugin=\"nsl\" data-action=\"connect\" data-provider=\"google\" data-popupwidth=\"600\" data-popupheight=\"600\" data-e-disable-page-transition=\"1\"><div class=\"nsl-button nsl-button-default nsl-button-google\" data-skin=\"uniform\" style=\"background-color:#dc4e41;\"><div class=\"nsl-button-svg-container\"><svg xmlns=\"http:\/\/www.w3.org\/2000\/svg\" width=\"24\" height=\"24\" viewBox=\"0 0 24 24\"><path fill=\"#fff\" fill-rule=\"evenodd\" d=\"M11.988,14.28 L11.988,9.816 L23.22,9.816 C23.388,10.572 23.52,11.28 23.52,12.276 C23.52,19.128 18.924,24 12,24 C5.376,24 -9.47390314e-15,18.624 -9.47390314e-15,12 C-9.47390314e-15,5.376 5.376,0 12,0 C15.24,0 17.952,1.188 20.028,3.132 L16.62,6.444 C15.756,5.628 14.244,4.668 12,4.668 C8.028,4.668 4.788,7.968 4.788,12.012 C4.788,16.056 8.028,19.356 12,19.356 C16.596,19.356 18.288,16.176 18.6,14.292 L11.988,14.292 L11.988,14.28 Z\"\/><\/svg><\/div><div class=\"nsl-button-label-container\">Continue with <b>Google<\/b><\/div><\/div><\/a><\/div><\/div><\/div>\n\n\t\t\t\t<\/form>\n\t\t\t<\/div>\n\n\t\t\t\n\t\t<\/div>\n\n\t\t<div class=\"col-2 large-6 col pb-0\">\n\n\t\t\t<div class=\"account-register-inner\">\n\n\t\t\t\t<h3 class=\"uppercase\">\u0110\u0103ng k\u00fd<\/h3>\n\n\t\t\t\t<form method=\"post\" class=\"woocommerce-form woocommerce-form-register register\"  >\n\n\t\t\t\t\t\n\t\t\t\t\t\n\t\t\t\t\t<p class=\"woocommerce-form-row woocommerce-form-row--wide form-row form-row-wide\">\n\t\t\t\t\t\t<label for=\"reg_email\">\u0110\u1ecba ch\u1ec9 email&nbsp;<span class=\"required\">*<\/span><\/label>\n\t\t\t\t\t\t<input type=\"email\" class=\"woocommerce-Input woocommerce-Input--text input-text\" name=\"email\" id=\"reg_email\" autocomplete=\"email\" value=\"\" \/>\t\t\t\t\t<\/p>\n\n\t\t\t\t\t\n\t\t\t\t\t\t<p class=\"woocommerce-form-row woocommerce-form-row--wide form-row form-row-wide\">\n\t\t\t\t\t\t\t<label for=\"reg_password\">M\u1eadt kh\u1ea9u&nbsp;<span class=\"required\">*<\/span><\/label>\n\t\t\t\t\t\t\t<input type=\"password\" class=\"woocommerce-Input woocommerce-Input--text input-text\" name=\"password\" id=\"reg_password\" autocomplete=\"new-password\" \/>\n\t\t\t\t\t\t<\/p>\n\n\t\t\t\t\t\n\t\t\t\t\t<wc-order-attribution-inputs><\/wc-order-attribution-inputs><div class=\"woocommerce-privacy-policy-text\"><p>Th\u00f4ng tin c\u00e1 nh\u00e2n c\u1ee7a b\u1ea1n s\u1ebd \u0111\u01b0\u1ee3c s\u1eed d\u1ee5ng \u0111\u1ec3 t\u0103ng c\u01b0\u1eddng tr\u1ea3i nghi\u1ec7m s\u1eed d\u1ee5ng website, \u0111\u1ec3 qu\u1ea3n l\u00fd truy c\u1eadp v\u00e0o t\u00e0i kho\u1ea3n c\u1ee7a b\u1ea1n, v\u00e0 cho c\u00e1c m\u1ee5c \u0111\u00edch c\u1ee5 th\u1ec3 kh\u00e1c \u0111\u01b0\u1ee3c m\u00f4 t\u1ea3 trong <a href=\"https:\/\/nhatvukt.myds.me\/?page_id=3\" class=\"woocommerce-privacy-policy-link\" target=\"_blank\">ch\u00ednh s\u00e1ch ri\u00eang t\u01b0<\/a> c\u1ee7a ch\u00fang t\u00f4i.<\/p>\n<\/div>\n\t\t\t\t\t<p class=\"woocommerce-form-row form-row\">\n\t\t\t\t\t\t<input type=\"hidden\" id=\"woocommerce-register-nonce\" name=\"woocommerce-register-nonce\" value=\"bb92a702a9\" \/><input type=\"hidden\" name=\"_wp_http_referer\" value=\"\/index.php?rest_route=%2Fwp%2Fv2%2Fpages%2F12\" \/>\t\t\t\t\t\t<button type=\"submit\" class=\"woocommerce-Button woocommerce-button button woocommerce-form-register__submit\" name=\"register\" value=\"\u0110\u0103ng k\u00fd\">\u0110\u0103ng k\u00fd<\/button>\n\t\t\t\t\t<\/p>\n\n\t\t\t\t\t<div style=\"padding:20px 0;\">\n    <div class=\"nsl-container nsl-container-block\" data-align=\"left\"><div class=\"nsl-container-buttons\"><a href=\"https:\/\/nhatvukt.myds.me\/wp-login.php?loginSocial=google&#038;redirect=https%3A%2F%2Fnhatvukt.myds.me%2Findex.php%3Frest_route%3D%252Fwp%252Fv2%252Fpages%252F12\" rel=\"nofollow\" aria-label=\"Sign up with &lt;b&gt;Google&lt;\/b&gt;\" data-plugin=\"nsl\" data-action=\"connect\" data-provider=\"google\" data-popupwidth=\"600\" data-popupheight=\"600\" data-e-disable-page-transition=\"1\"><div class=\"nsl-button nsl-button-default nsl-button-google\" data-skin=\"uniform\" style=\"background-color:#dc4e41;\"><div class=\"nsl-button-svg-container\"><svg xmlns=\"http:\/\/www.w3.org\/2000\/svg\" width=\"24\" height=\"24\" viewBox=\"0 0 24 24\"><path fill=\"#fff\" fill-rule=\"evenodd\" d=\"M11.988,14.28 L11.988,9.816 L23.22,9.816 C23.388,10.572 23.52,11.28 23.52,12.276 C23.52,19.128 18.924,24 12,24 C5.376,24 -9.47390314e-15,18.624 -9.47390314e-15,12 C-9.47390314e-15,5.376 5.376,0 12,0 C15.24,0 17.952,1.188 20.028,3.132 L16.62,6.444 C15.756,5.628 14.244,4.668 12,4.668 C8.028,4.668 4.788,7.968 4.788,12.012 C4.788,16.056 8.028,19.356 12,19.356 C16.596,19.356 18.288,16.176 18.6,14.292 L11.988,14.292 L11.988,14.28 Z\"\/><\/svg><\/div><div class=\"nsl-button-label-container\">Sign up with <b>Google<\/b><\/div><\/div><\/a><\/div><\/div><\/div>\n\n\t\t\t\t<\/form>\n\n\t\t\t<\/div>\n\n\t\t<\/div>\n\n\t<\/div>\n\n<\/div>\n\n<\/div>","protected":false},"excerpt":{"rendered":"","protected":false},"author":1,"featured_media":0,"parent":0,"menu_order":0,"comment_status":"closed","ping_status":"closed","template":"","meta":{"footnotes":""},"class_list":["post-12","page","type-page","status-publish","hentry"],"yoast_head":"<!-- This site is optimized with the Yoast SEO plugin v25.1 - https:\/\/yoast.com\/wordpress\/plugins\/seo\/ -->\n<title>T\u00e0i kho\u1ea3n - NV Studio<\/title>\n<meta name=\"robots\" content=\"index, follow, max-snippet:-1, max-image-preview:large, max-video-preview:-1\" \/>\n<link rel=\"canonical\" href=\"https:\/\/nhatvukt.myds.me\/?page_id=12\" \/>\n<meta property=\"og:locale\" content=\"vi_VN\" \/>\n<meta property=\"og:type\" content=\"article\" \/>\n<meta property=\"og:title\" content=\"T\u00e0i kho\u1ea3n - NV Studio\" \/>\n<meta property=\"og:url\" content=\"https:\/\/nhatvukt.myds.me\/?page_id=12\" \/>\n<meta property=\"og:site_name\" content=\"NV Studio\" \/>\n<meta property=\"article:modified_time\" content=\"2024-06-02T17:25:29+00:00\" \/>\n<meta name=\"twitter:card\" content=\"summary_large_image\" \/>\n<script type=\"application\/ld+json\" class=\"yoast-schema-graph\">{\"@context\":\"https:\/\/schema.org\",\"@graph\":[{\"@type\":\"WebPage\",\"@id\":\"https:\/\/nhatvukt.myds.me\/?page_id=12\",\"url\":\"https:\/\/nhatvukt.myds.me\/?page_id=12\",\"name\":\"T\u00e0i kho\u1ea3n - NV Studio\",\"isPartOf\":{\"@id\":\"https:\/\/nhatvukt.myds.me\/#website\"},\"datePublished\":\"2024-06-02T15:01:08+00:00\",\"dateModified\":\"2024-06-02T17:25:29+00:00\",\"breadcrumb\":{\"@id\":\"https:\/\/nhatvukt.myds.me\/?page_id=12#breadcrumb\"},\"inLanguage\":\"vi\",\"potentialAction\":[{\"@type\":\"ReadAction\",\"target\":[\"https:\/\/nhatvukt.myds.me\/?page_id=12\"]}]},{\"@type\":\"BreadcrumbList\",\"@id\":\"https:\/\/nhatvukt.myds.me\/?page_id=12#breadcrumb\",\"itemListElement\":[{\"@type\":\"ListItem\",\"position\":1,\"name\":\"Trang ch\u1ee7\",\"item\":\"https:\/\/nhatvukt.myds.me\/\"},{\"@type\":\"ListItem\",\"position\":2,\"name\":\"T\u00e0i kho\u1ea3n\"}]},{\"@type\":\"WebSite\",\"@id\":\"https:\/\/nhatvukt.myds.me\/#website\",\"url\":\"https:\/\/nhatvukt.myds.me\/\",\"name\":\"NV Studio\",\"description\":\"Thi\u1ebft B\u1ecb \u00c2m Thanh | Thu \u00c2m | Livestream\",\"potentialAction\":[{\"@type\":\"SearchAction\",\"target\":{\"@type\":\"EntryPoint\",\"urlTemplate\":\"https:\/\/nhatvukt.myds.me\/?s={search_term_string}\"},\"query-input\":{\"@type\":\"PropertyValueSpecification\",\"valueRequired\":true,\"valueName\":\"search_term_string\"}}],\"inLanguage\":\"vi\"}]}<\/script>\n<!-- \/ Yoast SEO plugin. -->","yoast_head_json":{"title":"T\u00e0i kho\u1ea3n - NV Studio","robots":{"index":"index","follow":"follow","max-snippet":"max-snippet:-1","max-image-preview":"max-image-preview:large","max-video-preview":"max-video-preview:-1"},"canonical":"https:\/\/nhatvukt.myds.me\/?page_id=12","og_locale":"vi_VN","og_type":"article","og_title":"T\u00e0i kho\u1ea3n - NV Studio","og_url":"https:\/\/nhatvukt.myds.me\/?page_id=12","og_site_name":"NV Studio","article_modified_time":"2024-06-02T17:25:29+00:00","twitter_card":"summary_large_image","schema":{"@context":"https:\/\/schema.org","@graph":[{"@type":"WebPage","@id":"https:\/\/nhatvukt.myds.me\/?page_id=12","url":"https:\/\/nhatvukt.myds.me\/?page_id=12","name":"T\u00e0i kho\u1ea3n - NV Studio","isPartOf":{"@id":"https:\/\/nhatvukt.myds.me\/#website"},"datePublished":"2024-06-02T15:01:08+00:00","dateModified":"2024-06-02T17:25:29+00:00","breadcrumb":{"@id":"https:\/\/nhatvukt.myds.me\/?page_id=12#breadcrumb"},"inLanguage":"vi","potentialAction":[{"@type":"ReadAction","target":["https:\/\/nhatvukt.myds.me\/?page_id=12"]}]},{"@type":"BreadcrumbList","@id":"https:\/\/nhatvukt.myds.me\/?page_id=12#breadcrumb","itemListElement":[{"@type":"ListItem","position":1,"name":"Trang ch\u1ee7","item":"https:\/\/nhatvukt.myds.me\/"},{"@type":"ListItem","position":2,"name":"T\u00e0i kho\u1ea3n"}]},{"@type":"WebSite","@id":"https:\/\/nhatvukt.myds.me\/#website","url":"https:\/\/nhatvukt.myds.me\/","name":"NV Studio","description":"Thi\u1ebft B\u1ecb \u00c2m Thanh | Thu \u00c2m | Livestream","potentialAction":[{"@type":"SearchAction","target":{"@type":"EntryPoint","urlTemplate":"https:\/\/nhatvukt.myds.me\/?s={search_term_string}"},"query-input":{"@type":"PropertyValueSpecification","valueRequired":true,"valueName":"search_term_string"}}],"inLanguage":"vi"}]}},"_links":{"self":[{"href":"https:\/\/nhatvukt.myds.me\/index.php?rest_route=\/wp\/v2\/pages\/12","targetHints":{"allow":["GET"]}}],"collection":[{"href":"https:\/\/nhatvukt.myds.me\/index.php?rest_route=\/wp\/v2\/pages"}],"about":[{"href":"https:\/\/nhatvukt.myds.me\/index.php?rest_route=\/wp\/v2\/types\/page"}],"author":[{"embeddable":true,"href":"https:\/\/nhatvukt.myds.me\/index.php?rest_route=\/wp\/v2\/users\/1"}],"replies":[{"embeddable":true,"href":"https:\/\/nhatvukt.myds.me\/index.php?rest_route=%2Fwp%2Fv2%2Fcomments&post=12"}],"version-history":[{"count":2,"href":"https:\/\/nhatvukt.myds.me\/index.php?rest_route=\/wp\/v2\/pages\/12\/revisions"}],"predecessor-version":[{"id":180,"href":"https:\/\/nhatvukt.myds.me\/index.php?rest_route=\/wp\/v2\/pages\/12\/revisions\/180"}],"wp:attachment":[{"href":"https:\/\/nhatvukt.myds.me\/index.php?rest_route=%2Fwp%2Fv2%2Fmedia&parent=12"}],"curies":[{"name":"wp","href":"https:\/\/api.w.org\/{rel}","templated":true}]}}