{"id":133,"date":"2024-06-07T09:45:13","date_gmt":"2024-06-07T02:45:13","guid":{"rendered":"https:\/\/nhatvukt.myds.me?page_id=133"},"modified":"2025-05-26T11:33:06","modified_gmt":"2025-05-26T04:33:06","slug":"lien-he","status":"publish","type":"page","link":"https:\/\/nhatvukt.myds.me\/?page_id=133","title":{"rendered":"Li\u00ean H\u1ec7"},"content":{"rendered":"<div class=\"row row-collapse row-full-width\"  id=\"row-842021458\">\n\n\n\t<div id=\"col-184812078\" class=\"col small-12 large-12\"  >\n\t\t\t\t<div class=\"col-inner\"  >\n\t\t\t\n\t\t\t\n\n\t<section class=\"section\" id=\"section_39255530\">\n\t\t<div class=\"bg section-bg fill bg-fill  \" >\n\n\t\t\t\n\t\t\t<div class=\"section-bg-overlay absolute fill\"><\/div>\n\t\t\t\n\n\t\t<\/div>\n\n\t\t\n\n\t\t<div class=\"section-content relative\">\n\t\t\t\n\n<div class=\"row row-collapse align-center\" style=\"max-width:\" id=\"row-613165671\">\n\n\n\t<div id=\"col-425600862\" class=\"col small-12 large-12\"  >\n\t\t\t\t<div class=\"col-inner text-center dark\"  >\n\t\t\t\n\t\t\t\n\n<h1>LI\u00caN H\u1ec6<\/h1>\n<p class=\"lead\"><span style=\"font-size: 120%;\">H\u00e3y g\u1eedi y\u00eau c\u1ea7u c\u1ee7a b\u1ea1n cho ch\u00fang t\u00f4i<\/span><\/p>\n\n\t\t<\/div>\n\t\t\t\t\n<style>\n#col-425600862 > .col-inner {\n  padding: 100px 20px 200px 0px;\n}\n@media (min-width:550px) {\n  #col-425600862 > .col-inner {\n    padding: 100px 0px 200px 0px;\n  }\n}\n<\/style>\n\t<\/div>\n\n\t\n\n<\/div>\n\n\t\t<\/div>\n\n\t\t\n<style>\n#section_39255530 {\n  padding-top: 0px;\n  padding-bottom: 0px;\n  min-height: 0px;\n}\n#section_39255530 .section-bg-overlay {\n  background-color: rgba(0, 0, 0, 0.12);\n}\n#section_39255530 .section-bg.bg-loaded {\n  background-image: url(https:\/\/nhatvukt.myds.me\/wp-content\/uploads\/2025\/05\/ThongBao-scaled.png);\n}\n#section_39255530 .section-bg {\n  background-position: 77% 15%;\n}\n@media (min-width:550px) {\n  #section_39255530 {\n    padding-top: 0px;\n    padding-bottom: 0px;\n  }\n  #section_39255530 .section-bg-overlay {\n    background-color: rgba(0, 0, 0, 0.21);\n  }\n}\n@media (min-width:850px) {\n  #section_39255530 {\n    padding-top: 100px;\n    padding-bottom: 100px;\n  }\n  #section_39255530 .section-bg-overlay {\n    background-color: rgba(0, 0, 0, 0.12);\n  }\n}\n<\/style>\n\t<\/section>\n\t\n\n\t\t<\/div>\n\t\t\t\t\n<style>\n#col-184812078 > .col-inner {\n  padding: 0px 30px 0px 30px;\n}\n<\/style>\n\t<\/div>\n\n\t\n\n<\/div>\n<div class=\"row row-large\" style=\"max-width:1400px\" id=\"row-1660969251\">\n\n\n\t<div id=\"col-1443885409\" class=\"col small-12 large-12\"  >\n\t\t\t\t<div class=\"col-inner\" style=\"background-color:rgb(255, 255, 255);\" >\n\t\t\t\n\t\t\t\n\n<div class=\"row row-collapse row-full-width\"  id=\"row-1344641863\">\n\n\n\t<div id=\"col-1660602535\" class=\"col medium-12 small-12 large-6\"  >\n\t\t\t\t<div class=\"col-inner\"  >\n\t\t\t\n\t\t\t\n\n\t<div id=\"gap-379091248\" class=\"gap-element clearfix\" style=\"display:block; height:auto;\">\n\t\t\n<style>\n#gap-379091248 {\n  padding-top: 20px;\n}\n@media (min-width:550px) {\n  #gap-379091248 {\n    padding-top: 20px;\n  }\n}\n@media (min-width:850px) {\n  #gap-379091248 {\n    padding-top: 30px;\n  }\n}\n<\/style>\n\t<\/div>\n\t\n\n<div class=\"row\"  id=\"row-773811802\">\n\n\n\t<div id=\"col-1989242918\" class=\"col medium-6 small-12 large-6\"  >\n\t\t\t\t<div class=\"col-inner\"  >\n\t\t\t\n\t\t\t\n\n\t<div class=\"img has-hover x md-x lg-x y md-y lg-y\" id=\"image_331660964\">\n\t\t\t\t\t\t\t\t<div class=\"img-inner dark\" >\n\t\t\t<img decoding=\"async\" width=\"1\" height=\"1\" src=\"https:\/\/nhatvukt.myds.me\/wp-content\/uploads\/2024\/06\/48167.jpg\" class=\"attachment-large size-large\" alt=\"\" \/>\t\t\t\t\t\t\n\t\t\t\t\t<\/div>\n\t\t\t\t\t\t\t\t\n<style>\n#image_331660964 {\n  width: 15%;\n}\n@media (min-width:550px) {\n  #image_331660964 {\n    width: 37%;\n  }\n}\n<\/style>\n\t<\/div>\n\t\n\n<h3 class=\"uppercase\">\u0111\u1ecba ch\u1ec9<\/h3>\n<p>17\/7Q \u1ea4p Ch\u00e1nh 2, X\u00e3 T\u00e2n Xu\u00e2n, Huy\u1ec7n H\u00f3c M\u00f4n, T.P H\u1ed3 Ch\u00ed Minh<\/p>\n\n\t\t<\/div>\n\t\t\t\t\t<\/div>\n\n\t\n\n\t<div id=\"col-100174235\" class=\"col medium-5 small-12 large-6\"  >\n\t\t\t\t<div class=\"col-inner\"  >\n\t\t\t\n\t\t\t\n\n\t<div class=\"img has-hover x md-x lg-x y md-y lg-y\" id=\"image_1549705378\">\n\t\t\t\t\t\t\t\t<div class=\"img-inner dark\" >\n\t\t\t<img decoding=\"async\" width=\"1\" height=\"1\" src=\"https:\/\/nhatvukt.myds.me\/wp-content\/uploads\/2024\/06\/time-fill.png\" class=\"attachment-large size-large\" alt=\"\" \/>\t\t\t\t\t\t\n\t\t\t\t\t<\/div>\n\t\t\t\t\t\t\t\t\n<style>\n#image_1549705378 {\n  width: 15%;\n}\n@media (min-width:550px) {\n  #image_1549705378 {\n    width: 36%;\n  }\n}\n<\/style>\n\t<\/div>\n\t\n\n<h3 class=\"uppercase\">Gi\u1edd L\u00e0m vi\u1ec7c<\/h3>\n<p>Th\u1ee9 2 &#8211; Ch\u1ee7 Nh\u1eadt : 8h30 &#8211; 16h00<\/p>\n\n\t\t<\/div>\n\t\t\t\t\t<\/div>\n\n\t\n\n<\/div>\n<div class=\"row\"  id=\"row-1604932664\">\n\n\n\t<div id=\"col-1162034230\" class=\"col medium-6 small-12 large-6\"  >\n\t\t\t\t<div class=\"col-inner\"  >\n\t\t\t\n\t\t\t\n\n\t<div class=\"img has-hover x md-x lg-x y md-y lg-y\" id=\"image_1959904635\">\n\t\t\t\t\t\t\t\t<div class=\"img-inner dark\" >\n\t\t\t<img decoding=\"async\" width=\"1\" height=\"1\" src=\"https:\/\/nhatvukt.myds.me\/wp-content\/uploads\/2024\/06\/mail-open-fill.png\" class=\"attachment-large size-large\" alt=\"\" \/>\t\t\t\t\t\t\n\t\t\t\t\t<\/div>\n\t\t\t\t\t\t\t\t\n<style>\n#image_1959904635 {\n  width: 15%;\n}\n@media (min-width:550px) {\n  #image_1959904635 {\n    width: 36%;\n  }\n}\n<\/style>\n\t<\/div>\n\t\n\n<h3 class=\"uppercase\">E-mail<\/h3>\n<p>nhatvukt@gmail.com<\/p>\n\n\t\t<\/div>\n\t\t\t\t\t<\/div>\n\n\t\n\n\t<div id=\"col-677126360\" class=\"col medium-6 small-12 large-6\"  >\n\t\t\t\t<div class=\"col-inner\"  >\n\t\t\t\n\t\t\t\n\n\t<div class=\"img has-hover x md-x lg-x y md-y lg-y\" id=\"image_1989178135\">\n\t\t\t\t\t\t\t\t<div class=\"img-inner dark\" >\n\t\t\t<img loading=\"lazy\" decoding=\"async\" width=\"1\" height=\"1\" src=\"https:\/\/nhatvukt.myds.me\/wp-content\/uploads\/2024\/06\/phone-fill.png\" class=\"attachment-large size-large\" alt=\"\" \/>\t\t\t\t\t\t\n\t\t\t\t\t<\/div>\n\t\t\t\t\t\t\t\t\n<style>\n#image_1989178135 {\n  width: 15%;\n}\n@media (min-width:550px) {\n  #image_1989178135 {\n    width: 37%;\n  }\n}\n<\/style>\n\t<\/div>\n\t\n\n<h3 class=\"uppercase\">\u0111i\u1ec7n tho\u1ea1i<\/h3>\n<p>0772249022<\/p>\n\n\t\t<\/div>\n\t\t\t\t\t<\/div>\n\n\t\n\n<\/div>\n\n\t\t<\/div>\n\t\t\t\t\n<style>\n#col-1660602535 > .col-inner {\n  padding: 0px 0px 0px 20px;\n}\n<\/style>\n\t<\/div>\n\n\t\n\n\t<div id=\"col-910933230\" class=\"col medium-12 small-12 large-6\"  >\n\t\t\t\t<div class=\"col-inner\"  >\n\t\t\t\n\t\t\t\n\n<h2><span style=\"font-size: 120%;\">C\u00e2u h\u1ecfi c\u1ee7a b\u1ea1n<\/span><\/h2>\n\t<div id=\"gap-2119738587\" class=\"gap-element clearfix\" style=\"display:block; height:auto;\">\n\t\t\n<style>\n#gap-2119738587 {\n  padding-top: 20px;\n}\n@media (min-width:550px) {\n  #gap-2119738587 {\n    padding-top: 20px;\n  }\n}\n@media (min-width:850px) {\n  #gap-2119738587 {\n    padding-top: 30px;\n  }\n}\n<\/style>\n\t<\/div>\n\t\n\n\n<div class=\"wpcf7 no-js\" id=\"wpcf7-f6-o1\" lang=\"vi\" dir=\"ltr\">\n<div class=\"screen-reader-response\"><p role=\"status\" aria-live=\"polite\" aria-atomic=\"true\"><\/p> <ul><\/ul><\/div>\n<form action=\"\/index.php?rest_route=%2Fwp%2Fv2%2Fpages%2F133#wpcf7-f6-o1\" method=\"post\" class=\"wpcf7-form init\" aria-label=\"Form li\u00ean h\u1ec7\" novalidate=\"novalidate\" data-status=\"init\">\n<div style=\"display: none;\">\n<input type=\"hidden\" name=\"_wpcf7\" value=\"6\" \/>\n<input type=\"hidden\" name=\"_wpcf7_version\" value=\"5.9.5\" \/>\n<input type=\"hidden\" name=\"_wpcf7_locale\" value=\"vi\" \/>\n<input type=\"hidden\" name=\"_wpcf7_unit_tag\" value=\"wpcf7-f6-o1\" \/>\n<input type=\"hidden\" name=\"_wpcf7_container_post\" value=\"0\" \/>\n<input type=\"hidden\" name=\"_wpcf7_posted_data_hash\" value=\"\" \/>\n<\/div>\n<p><label> Your name<br \/>\n<span class=\"wpcf7-form-control-wrap\" data-name=\"your-name\"><input size=\"40\" class=\"wpcf7-form-control wpcf7-text wpcf7-validates-as-required\" autocomplete=\"name\" aria-required=\"true\" aria-invalid=\"false\" value=\"\" type=\"text\" name=\"your-name\" \/><\/span> <\/label>\n<\/p>\n<p><label> Your email<br \/>\n<span class=\"wpcf7-form-control-wrap\" data-name=\"your-email\"><input size=\"40\" class=\"wpcf7-form-control wpcf7-email wpcf7-validates-as-required wpcf7-text wpcf7-validates-as-email\" autocomplete=\"email\" aria-required=\"true\" aria-invalid=\"false\" value=\"\" type=\"email\" name=\"your-email\" \/><\/span> <\/label>\n<\/p>\n<p><label> Ti\u00eau \u0111\u1ec1:<br \/>\n<span class=\"wpcf7-form-control-wrap\" data-name=\"your-subject\"><input size=\"40\" class=\"wpcf7-form-control wpcf7-text wpcf7-validates-as-required\" aria-required=\"true\" aria-invalid=\"false\" value=\"\" type=\"text\" name=\"your-subject\" \/><\/span> <\/label>\n<\/p>\n<p><label> Your message (kh\u00f4ng b\u1eaft bu\u1ed9c)<br \/>\n<span class=\"wpcf7-form-control-wrap\" data-name=\"your-message\"><textarea cols=\"40\" rows=\"10\" class=\"wpcf7-form-control wpcf7-textarea\" aria-invalid=\"false\" name=\"your-message\"><\/textarea><\/span> <\/label>\n<\/p>\n<p><input class=\"wpcf7-form-control wpcf7-submit has-spinner\" type=\"submit\" value=\"G\u1eedi\" \/>\n<\/p><p style=\"display: none !important;\" class=\"akismet-fields-container\" data-prefix=\"_wpcf7_ak_\"><label>&#916;<textarea name=\"_wpcf7_ak_hp_textarea\" cols=\"45\" rows=\"8\" maxlength=\"100\"><\/textarea><\/label><input type=\"hidden\" id=\"ak_js_1\" name=\"_wpcf7_ak_js\" value=\"86\"\/><script>document.getElementById( \"ak_js_1\" ).setAttribute( \"value\", ( new Date() ).getTime() );<\/script><\/p><div class=\"wpcf7-response-output\" aria-hidden=\"true\"><\/div>\n<\/form>\n<\/div>\n\n\n\n\t\t<\/div>\n\t\t\t\t\t<\/div>\n\n\t\n\n\n<style>\n#row-1344641863 > .col > .col-inner {\n  padding: 0px 15px 0px 15px;\n}\n<\/style>\n<\/div>\n\n\t\t<\/div>\n\t\t\t\t\n<style>\n#col-1443885409 > .col-inner {\n  padding: 50px 20px 0px 20px;\n  margin: -0 0px 0px 0px;\n}\n@media (min-width:550px) {\n  #col-1443885409 > .col-inner {\n    padding: 50px 20px 30px 20px;\n    margin: 0 0px 0px 0px;\n  }\n}\n@media (min-width:850px) {\n  #col-1443885409 > .col-inner {\n    padding: 66px 5% 16px 5%;\n    margin: -135px 0px 0px 0px;\n  }\n}\n<\/style>\n\t<\/div>\n\n\t\n\n<\/div>\n<div class=\"row row-collapse row-full-width\"  id=\"row-1825589810\">\n\n\n\t<div id=\"col-1820397831\" class=\"col small-12 large-12\"  >\n\t\t\t\t<div class=\"col-inner\"  >\n\t\t\t\n\t\t\t\n\n\n\t\t<\/div>\n\t\t\t\t\n<style>\n#col-1820397831 > .col-inner {\n  padding: 0px 30px 0px 30px;\n}\n<\/style>\n\t<\/div>\n\n\t\n\n<\/div>","protected":false},"excerpt":{"rendered":"","protected":false},"author":1,"featured_media":0,"parent":0,"menu_order":0,"comment_status":"closed","ping_status":"closed","template":"","meta":{"footnotes":""},"class_list":["post-133","page","type-page","status-publish","hentry"],"yoast_head":"<!-- This site is optimized with the Yoast SEO plugin v25.1 - https:\/\/yoast.com\/wordpress\/plugins\/seo\/ -->\n<title>Li\u00ean H\u1ec7 - NV Studio<\/title>\n<meta name=\"robots\" content=\"index, follow, max-snippet:-1, max-image-preview:large, max-video-preview:-1\" \/>\n<link rel=\"canonical\" href=\"https:\/\/nhatvukt.myds.me\/?page_id=133\" \/>\n<meta property=\"og:locale\" content=\"vi_VN\" \/>\n<meta property=\"og:type\" content=\"article\" \/>\n<meta property=\"og:title\" content=\"Li\u00ean H\u1ec7 - NV Studio\" \/>\n<meta property=\"og:url\" content=\"https:\/\/nhatvukt.myds.me\/?page_id=133\" \/>\n<meta property=\"og:site_name\" content=\"NV Studio\" \/>\n<meta property=\"article:modified_time\" content=\"2025-05-26T04:33:06+00:00\" \/>\n<meta name=\"twitter:card\" content=\"summary_large_image\" \/>\n<meta name=\"twitter:label1\" content=\"\u01af\u1edbc t\u00ednh th\u1eddi gian \u0111\u1ecdc\" \/>\n\t<meta name=\"twitter:data1\" content=\"2 ph\u00fat\" \/>\n<script type=\"application\/ld+json\" class=\"yoast-schema-graph\">{\"@context\":\"https:\/\/schema.org\",\"@graph\":[{\"@type\":\"WebPage\",\"@id\":\"https:\/\/nhatvukt.myds.me\/?page_id=133\",\"url\":\"https:\/\/nhatvukt.myds.me\/?page_id=133\",\"name\":\"Li\u00ean H\u1ec7 - NV Studio\",\"isPartOf\":{\"@id\":\"https:\/\/nhatvukt.myds.me\/#website\"},\"datePublished\":\"2024-06-07T02:45:13+00:00\",\"dateModified\":\"2025-05-26T04:33:06+00:00\",\"breadcrumb\":{\"@id\":\"https:\/\/nhatvukt.myds.me\/?page_id=133#breadcrumb\"},\"inLanguage\":\"vi\",\"potentialAction\":[{\"@type\":\"ReadAction\",\"target\":[\"https:\/\/nhatvukt.myds.me\/?page_id=133\"]}]},{\"@type\":\"BreadcrumbList\",\"@id\":\"https:\/\/nhatvukt.myds.me\/?page_id=133#breadcrumb\",\"itemListElement\":[{\"@type\":\"ListItem\",\"position\":1,\"name\":\"Trang ch\u1ee7\",\"item\":\"https:\/\/nhatvukt.myds.me\/\"},{\"@type\":\"ListItem\",\"position\":2,\"name\":\"Li\u00ean H\u1ec7\"}]},{\"@type\":\"WebSite\",\"@id\":\"https:\/\/nhatvukt.myds.me\/#website\",\"url\":\"https:\/\/nhatvukt.myds.me\/\",\"name\":\"NV Studio\",\"description\":\"Thi\u1ebft B\u1ecb \u00c2m Thanh | Thu \u00c2m | Livestream\",\"potentialAction\":[{\"@type\":\"SearchAction\",\"target\":{\"@type\":\"EntryPoint\",\"urlTemplate\":\"https:\/\/nhatvukt.myds.me\/?s={search_term_string}\"},\"query-input\":{\"@type\":\"PropertyValueSpecification\",\"valueRequired\":true,\"valueName\":\"search_term_string\"}}],\"inLanguage\":\"vi\"}]}<\/script>\n<!-- \/ Yoast SEO plugin. -->","yoast_head_json":{"title":"Li\u00ean H\u1ec7 - NV Studio","robots":{"index":"index","follow":"follow","max-snippet":"max-snippet:-1","max-image-preview":"max-image-preview:large","max-video-preview":"max-video-preview:-1"},"canonical":"https:\/\/nhatvukt.myds.me\/?page_id=133","og_locale":"vi_VN","og_type":"article","og_title":"Li\u00ean H\u1ec7 - NV Studio","og_url":"https:\/\/nhatvukt.myds.me\/?page_id=133","og_site_name":"NV Studio","article_modified_time":"2025-05-26T04:33:06+00:00","twitter_card":"summary_large_image","twitter_misc":{"\u01af\u1edbc t\u00ednh th\u1eddi gian \u0111\u1ecdc":"2 ph\u00fat"},"schema":{"@context":"https:\/\/schema.org","@graph":[{"@type":"WebPage","@id":"https:\/\/nhatvukt.myds.me\/?page_id=133","url":"https:\/\/nhatvukt.myds.me\/?page_id=133","name":"Li\u00ean H\u1ec7 - NV Studio","isPartOf":{"@id":"https:\/\/nhatvukt.myds.me\/#website"},"datePublished":"2024-06-07T02:45:13+00:00","dateModified":"2025-05-26T04:33:06+00:00","breadcrumb":{"@id":"https:\/\/nhatvukt.myds.me\/?page_id=133#breadcrumb"},"inLanguage":"vi","potentialAction":[{"@type":"ReadAction","target":["https:\/\/nhatvukt.myds.me\/?page_id=133"]}]},{"@type":"BreadcrumbList","@id":"https:\/\/nhatvukt.myds.me\/?page_id=133#breadcrumb","itemListElement":[{"@type":"ListItem","position":1,"name":"Trang ch\u1ee7","item":"https:\/\/nhatvukt.myds.me\/"},{"@type":"ListItem","position":2,"name":"Li\u00ean H\u1ec7"}]},{"@type":"WebSite","@id":"https:\/\/nhatvukt.myds.me\/#website","url":"https:\/\/nhatvukt.myds.me\/","name":"NV Studio","description":"Thi\u1ebft B\u1ecb \u00c2m Thanh | Thu \u00c2m | Livestream","potentialAction":[{"@type":"SearchAction","target":{"@type":"EntryPoint","urlTemplate":"https:\/\/nhatvukt.myds.me\/?s={search_term_string}"},"query-input":{"@type":"PropertyValueSpecification","valueRequired":true,"valueName":"search_term_string"}}],"inLanguage":"vi"}]}},"_links":{"self":[{"href":"https:\/\/nhatvukt.myds.me\/index.php?rest_route=\/wp\/v2\/pages\/133","targetHints":{"allow":["GET"]}}],"collection":[{"href":"https:\/\/nhatvukt.myds.me\/index.php?rest_route=\/wp\/v2\/pages"}],"about":[{"href":"https:\/\/nhatvukt.myds.me\/index.php?rest_route=\/wp\/v2\/types\/page"}],"author":[{"embeddable":true,"href":"https:\/\/nhatvukt.myds.me\/index.php?rest_route=\/wp\/v2\/users\/1"}],"replies":[{"embeddable":true,"href":"https:\/\/nhatvukt.myds.me\/index.php?rest_route=%2Fwp%2Fv2%2Fcomments&post=133"}],"version-history":[{"count":5,"href":"https:\/\/nhatvukt.myds.me\/index.php?rest_route=\/wp\/v2\/pages\/133\/revisions"}],"predecessor-version":[{"id":204,"href":"https:\/\/nhatvukt.myds.me\/index.php?rest_route=\/wp\/v2\/pages\/133\/revisions\/204"}],"wp:attachment":[{"href":"https:\/\/nhatvukt.myds.me\/index.php?rest_route=%2Fwp%2Fv2%2Fmedia&parent=133"}],"curies":[{"name":"wp","href":"https:\/\/api.w.org\/{rel}","templated":true}]}}