{"id":79,"date":"2024-06-02T16:33:44","date_gmt":"2024-06-02T16:33:44","guid":{"rendered":"https:\/\/nhatvukt.myds.me?post_type=product&#038;p=79"},"modified":"2024-06-07T11:26:37","modified_gmt":"2024-06-07T04:26:37","slug":"goi-thu-am-co-ban","status":"publish","type":"product","link":"https:\/\/nhatvukt.myds.me\/?product=goi-thu-am-co-ban","title":{"rendered":"G\u00f3i Thu \u00c2m C\u01a1 B\u1ea3n"},"content":{"rendered":"<ul>\n<li>Thu \u00e2m v\u1edbi nhac beat c\u00f3 s\u1eb5n tr\u00ean m\u1ea1ng<\/li>\n<li>th\u1eddi gian thu trong v\u00f2ng 1h30 ph\u00fat<\/li>\n<li>giao b\u00e0i trong v\u00f2ng 4 ng\u00e0y<\/li>\n<\/ul>\n","protected":false},"excerpt":{"rendered":"<p>Thu \u00e2m v\u1edbi nhac beat c\u00f3 s\u1eb5n tr\u00ean m\u1ea1ng th\u1eddi gian thu trong v\u00f2ng 1h30 ph\u00fat giao b\u00e0i trong v\u00f2ng 4 ng\u00e0y<\/p>\n","protected":false},"featured_media":30,"comment_status":"open","ping_status":"closed","template":"","meta":[],"product_brand":[],"product_cat":[19],"product_tag":[20],"class_list":{"0":"post-79","1":"product","2":"type-product","3":"status-publish","4":"has-post-thumbnail","6":"product_cat-thu-am","7":"product_tag-thu-am","9":"first","10":"instock","11":"shipping-taxable","12":"purchasable","13":"product-type-simple"},"yoast_head":"<!-- This site is optimized with the Yoast SEO plugin v25.1 - https:\/\/yoast.com\/wordpress\/plugins\/seo\/ -->\n<title>G\u00f3i Thu \u00c2m C\u01a1 B\u1ea3n - NV Studio<\/title>\n<meta name=\"robots\" content=\"index, follow, max-snippet:-1, max-image-preview:large, max-video-preview:-1\" \/>\n<link rel=\"canonical\" href=\"https:\/\/nhatvukt.myds.me\/?product=goi-thu-am-co-ban\" \/>\n<meta property=\"og:locale\" content=\"vi_VN\" \/>\n<meta property=\"og:type\" content=\"article\" \/>\n<meta property=\"og:title\" content=\"G\u00f3i Thu \u00c2m C\u01a1 B\u1ea3n - NV Studio\" \/>\n<meta property=\"og:description\" content=\"Thu \u00e2m v\u1edbi nhac beat c\u00f3 s\u1eb5n tr\u00ean m\u1ea1ng th\u1eddi gian thu trong v\u00f2ng 1h30 ph\u00fat giao b\u00e0i trong v\u00f2ng 4 ng\u00e0y\" \/>\n<meta property=\"og:url\" content=\"https:\/\/nhatvukt.myds.me\/?product=goi-thu-am-co-ban\" \/>\n<meta property=\"og:site_name\" content=\"NV Studio\" \/>\n<meta property=\"article:modified_time\" content=\"2024-06-07T04:26:37+00:00\" \/>\n<meta property=\"og:image\" content=\"https:\/\/nhatvukt.myds.me\/wp-content\/uploads\/2024\/06\/IMG_2632-1-scaled.jpg\" \/>\n\t<meta property=\"og:image:width\" content=\"2560\" \/>\n\t<meta property=\"og:image:height\" content=\"1920\" \/>\n\t<meta property=\"og:image:type\" content=\"image\/jpeg\" \/>\n<meta name=\"twitter:card\" content=\"summary_large_image\" \/>\n<script type=\"application\/ld+json\" class=\"yoast-schema-graph\">{\"@context\":\"https:\/\/schema.org\",\"@graph\":[{\"@type\":\"WebPage\",\"@id\":\"https:\/\/nhatvukt.myds.me\/?product=goi-thu-am-co-ban\",\"url\":\"https:\/\/nhatvukt.myds.me\/?product=goi-thu-am-co-ban\",\"name\":\"G\u00f3i Thu \u00c2m C\u01a1 B\u1ea3n - NV Studio\",\"isPartOf\":{\"@id\":\"https:\/\/nhatvukt.myds.me\/#website\"},\"primaryImageOfPage\":{\"@id\":\"https:\/\/nhatvukt.myds.me\/?product=goi-thu-am-co-ban#primaryimage\"},\"image\":{\"@id\":\"https:\/\/nhatvukt.myds.me\/?product=goi-thu-am-co-ban#primaryimage\"},\"thumbnailUrl\":\"https:\/\/nhatvukt.myds.me\/wp-content\/uploads\/2024\/06\/IMG_2632-1-scaled.jpg\",\"datePublished\":\"2024-06-02T16:33:44+00:00\",\"dateModified\":\"2024-06-07T04:26:37+00:00\",\"breadcrumb\":{\"@id\":\"https:\/\/nhatvukt.myds.me\/?product=goi-thu-am-co-ban#breadcrumb\"},\"inLanguage\":\"vi\",\"potentialAction\":[{\"@type\":\"ReadAction\",\"target\":[\"https:\/\/nhatvukt.myds.me\/?product=goi-thu-am-co-ban\"]}]},{\"@type\":\"ImageObject\",\"inLanguage\":\"vi\",\"@id\":\"https:\/\/nhatvukt.myds.me\/?product=goi-thu-am-co-ban#primaryimage\",\"url\":\"https:\/\/nhatvukt.myds.me\/wp-content\/uploads\/2024\/06\/IMG_2632-1-scaled.jpg\",\"contentUrl\":\"https:\/\/nhatvukt.myds.me\/wp-content\/uploads\/2024\/06\/IMG_2632-1-scaled.jpg\",\"width\":2560,\"height\":1920},{\"@type\":\"BreadcrumbList\",\"@id\":\"https:\/\/nhatvukt.myds.me\/?product=goi-thu-am-co-ban#breadcrumb\",\"itemListElement\":[{\"@type\":\"ListItem\",\"position\":1,\"name\":\"Trang ch\u1ee7\",\"item\":\"https:\/\/nhatvukt.myds.me\/\"},{\"@type\":\"ListItem\",\"position\":2,\"name\":\"C\u1eeda h\u00e0ng\",\"item\":\"https:\/\/nhatvukt.myds.me\/?page_id=9\"},{\"@type\":\"ListItem\",\"position\":3,\"name\":\"G\u00f3i Thu \u00c2m C\u01a1 B\u1ea3n\"}]},{\"@type\":\"WebSite\",\"@id\":\"https:\/\/nhatvukt.myds.me\/#website\",\"url\":\"https:\/\/nhatvukt.myds.me\/\",\"name\":\"NV Studio\",\"description\":\"Thi\u1ebft B\u1ecb \u00c2m Thanh | Thu \u00c2m | Livestream\",\"potentialAction\":[{\"@type\":\"SearchAction\",\"target\":{\"@type\":\"EntryPoint\",\"urlTemplate\":\"https:\/\/nhatvukt.myds.me\/?s={search_term_string}\"},\"query-input\":{\"@type\":\"PropertyValueSpecification\",\"valueRequired\":true,\"valueName\":\"search_term_string\"}}],\"inLanguage\":\"vi\"}]}<\/script>\n<!-- \/ Yoast SEO plugin. -->","yoast_head_json":{"title":"G\u00f3i Thu \u00c2m C\u01a1 B\u1ea3n - NV Studio","robots":{"index":"index","follow":"follow","max-snippet":"max-snippet:-1","max-image-preview":"max-image-preview:large","max-video-preview":"max-video-preview:-1"},"canonical":"https:\/\/nhatvukt.myds.me\/?product=goi-thu-am-co-ban","og_locale":"vi_VN","og_type":"article","og_title":"G\u00f3i Thu \u00c2m C\u01a1 B\u1ea3n - NV Studio","og_description":"Thu \u00e2m v\u1edbi nhac beat c\u00f3 s\u1eb5n tr\u00ean m\u1ea1ng th\u1eddi gian thu trong v\u00f2ng 1h30 ph\u00fat giao b\u00e0i trong v\u00f2ng 4 ng\u00e0y","og_url":"https:\/\/nhatvukt.myds.me\/?product=goi-thu-am-co-ban","og_site_name":"NV Studio","article_modified_time":"2024-06-07T04:26:37+00:00","og_image":[{"width":2560,"height":1920,"url":"https:\/\/nhatvukt.myds.me\/wp-content\/uploads\/2024\/06\/IMG_2632-1-scaled.jpg","type":"image\/jpeg"}],"twitter_card":"summary_large_image","schema":{"@context":"https:\/\/schema.org","@graph":[{"@type":"WebPage","@id":"https:\/\/nhatvukt.myds.me\/?product=goi-thu-am-co-ban","url":"https:\/\/nhatvukt.myds.me\/?product=goi-thu-am-co-ban","name":"G\u00f3i Thu \u00c2m C\u01a1 B\u1ea3n - NV Studio","isPartOf":{"@id":"https:\/\/nhatvukt.myds.me\/#website"},"primaryImageOfPage":{"@id":"https:\/\/nhatvukt.myds.me\/?product=goi-thu-am-co-ban#primaryimage"},"image":{"@id":"https:\/\/nhatvukt.myds.me\/?product=goi-thu-am-co-ban#primaryimage"},"thumbnailUrl":"https:\/\/nhatvukt.myds.me\/wp-content\/uploads\/2024\/06\/IMG_2632-1-scaled.jpg","datePublished":"2024-06-02T16:33:44+00:00","dateModified":"2024-06-07T04:26:37+00:00","breadcrumb":{"@id":"https:\/\/nhatvukt.myds.me\/?product=goi-thu-am-co-ban#breadcrumb"},"inLanguage":"vi","potentialAction":[{"@type":"ReadAction","target":["https:\/\/nhatvukt.myds.me\/?product=goi-thu-am-co-ban"]}]},{"@type":"ImageObject","inLanguage":"vi","@id":"https:\/\/nhatvukt.myds.me\/?product=goi-thu-am-co-ban#primaryimage","url":"https:\/\/nhatvukt.myds.me\/wp-content\/uploads\/2024\/06\/IMG_2632-1-scaled.jpg","contentUrl":"https:\/\/nhatvukt.myds.me\/wp-content\/uploads\/2024\/06\/IMG_2632-1-scaled.jpg","width":2560,"height":1920},{"@type":"BreadcrumbList","@id":"https:\/\/nhatvukt.myds.me\/?product=goi-thu-am-co-ban#breadcrumb","itemListElement":[{"@type":"ListItem","position":1,"name":"Trang ch\u1ee7","item":"https:\/\/nhatvukt.myds.me\/"},{"@type":"ListItem","position":2,"name":"C\u1eeda h\u00e0ng","item":"https:\/\/nhatvukt.myds.me\/?page_id=9"},{"@type":"ListItem","position":3,"name":"G\u00f3i Thu \u00c2m C\u01a1 B\u1ea3n"}]},{"@type":"WebSite","@id":"https:\/\/nhatvukt.myds.me\/#website","url":"https:\/\/nhatvukt.myds.me\/","name":"NV Studio","description":"Thi\u1ebft B\u1ecb \u00c2m Thanh | Thu \u00c2m | Livestream","potentialAction":[{"@type":"SearchAction","target":{"@type":"EntryPoint","urlTemplate":"https:\/\/nhatvukt.myds.me\/?s={search_term_string}"},"query-input":{"@type":"PropertyValueSpecification","valueRequired":true,"valueName":"search_term_string"}}],"inLanguage":"vi"}]}},"_links":{"self":[{"href":"https:\/\/nhatvukt.myds.me\/index.php?rest_route=\/wp\/v2\/product\/79","targetHints":{"allow":["GET"]}}],"collection":[{"href":"https:\/\/nhatvukt.myds.me\/index.php?rest_route=\/wp\/v2\/product"}],"about":[{"href":"https:\/\/nhatvukt.myds.me\/index.php?rest_route=\/wp\/v2\/types\/product"}],"replies":[{"embeddable":true,"href":"https:\/\/nhatvukt.myds.me\/index.php?rest_route=%2Fwp%2Fv2%2Fcomments&post=79"}],"wp:featuredmedia":[{"embeddable":true,"href":"https:\/\/nhatvukt.myds.me\/index.php?rest_route=\/wp\/v2\/media\/30"}],"wp:attachment":[{"href":"https:\/\/nhatvukt.myds.me\/index.php?rest_route=%2Fwp%2Fv2%2Fmedia&parent=79"}],"wp:term":[{"taxonomy":"product_brand","embeddable":true,"href":"https:\/\/nhatvukt.myds.me\/index.php?rest_route=%2Fwp%2Fv2%2Fproduct_brand&post=79"},{"taxonomy":"product_cat","embeddable":true,"href":"https:\/\/nhatvukt.myds.me\/index.php?rest_route=%2Fwp%2Fv2%2Fproduct_cat&post=79"},{"taxonomy":"product_tag","embeddable":true,"href":"https:\/\/nhatvukt.myds.me\/index.php?rest_route=%2Fwp%2Fv2%2Fproduct_tag&post=79"}],"curies":[{"name":"wp","href":"https:\/\/api.w.org\/{rel}","templated":true}]}}